{"id":4733,"date":"2021-01-13T18:30:20","date_gmt":"2021-01-13T15:30:20","guid":{"rendered":"http:\/\/www.ramadaalibeykoy.com\/newsroom\/"},"modified":"2021-01-18T18:16:07","modified_gmt":"2021-01-18T15:16:07","slug":"haberler","status":"publish","type":"page","link":"https:\/\/ramadaalibeykoy.com\/tr\/haberler\/","title":{"rendered":"HABERLER"},"content":{"rendered":"<p>[vc_row content_placement=&#8221;middle&#8221;][vc_column width=&#8221;1\/2&#8243; css=&#8221;.vc_custom_1610551782229{margin-top: 50px !important;}&#8221;][vc_column_text]<\/p>\n<h2 class=\"big-title\">OTEL\u0130M\u0130Z A\u00c7ILDI<\/h2>\n<div>\n<p class=\"subtitle\">29 Aral\u0131k 2017 itibari ile Ramada \u0130stanbul Alibeyk\u00f6y a\u00e7\u0131lm\u0131\u015ft\u0131r.<\/p>\n<p>Ramada \u0130stanbul Alibeyk\u00f6y ailesi olarak sizleri misafir etmekten mutluluk duyar\u0131z. Bu s\u0131cakl\u0131\u011f\u0131 ya\u015famak i\u00e7in sizleri de otelimize bekliyoruz.<\/p>\n<p>Rezervasyon i\u00e7in <a href=\"tel:+902122102211\">+90 212 210 22 11<\/a> veya <a href=\"mailto:info@ramadaalibeykoy.com\">info@ramadaalibeykoy.com<\/a> adresinden bize ula\u015fabilirsiniz.<\/p>\n<\/div>\n<p>[\/vc_column_text][\/vc_column][vc_column width=&#8221;1\/2&#8243; css=&#8221;.vc_custom_1610551788355{margin-top: 50px !important;}&#8221;][vc_single_image image=&#8221;4346&#8243; img_size=&#8221;full&#8221;][\/vc_column][\/vc_row]<\/p>\n","protected":false},"excerpt":{"rendered":"<p>[vc_row content_placement=&#8221;middle&#8221;][vc_column width=&#8221;1\/2&#8243; css=&#8221;.vc_custom_1610551782229{margin-top: 50px !important;}&#8221;][vc_column_text] OTEL\u0130M\u0130Z A\u00c7ILDI 29 Aral\u0131k 2017 itibari ile Ramada \u0130stanbul Alibeyk\u00f6y a\u00e7\u0131lm\u0131\u015ft\u0131r. Ramada \u0130stanbul Alibeyk\u00f6y ailesi olarak sizleri misafir etmekten mutluluk duyar\u0131z. Bu s\u0131cakl\u0131\u011f\u0131 ya\u015famak i\u00e7in sizleri de otelimize bekliyoruz. Rezervasyon i\u00e7in +90 212 210 [&hellip;]<\/p>\n","protected":false},"author":1,"featured_media":0,"parent":0,"menu_order":0,"comment_status":"closed","ping_status":"closed","template":"","meta":{"footnotes":""},"class_list":["post-4733","page","type-page","status-publish","hentry"],"yoast_head":"<!-- This site is optimized with the Yoast SEO plugin v25.7 - https:\/\/yoast.com\/wordpress\/plugins\/seo\/ -->\n<title>HABERLER - Ramada Alibeyk\u00f6y<\/title>\n<meta name=\"robots\" content=\"index, follow, max-snippet:-1, max-image-preview:large, max-video-preview:-1\" \/>\n<link rel=\"canonical\" href=\"https:\/\/ramadaalibeykoy.com\/haberler\/\" \/>\n<meta property=\"og:locale\" content=\"tr_TR\" \/>\n<meta property=\"og:type\" content=\"article\" \/>\n<meta property=\"og:title\" content=\"HABERLER - Ramada Alibeyk\u00f6y\" \/>\n<meta property=\"og:description\" content=\"[vc_row content_placement=&#8221;middle&#8221;][vc_column width=&#8221;1\/2&#8243; css=&#8221;.vc_custom_1610551782229{margin-top: 50px !important;}&#8221;][vc_column_text] OTEL\u0130M\u0130Z A\u00c7ILDI 29 Aral\u0131k 2017 itibari ile Ramada \u0130stanbul Alibeyk\u00f6y a\u00e7\u0131lm\u0131\u015ft\u0131r. Ramada \u0130stanbul Alibeyk\u00f6y ailesi olarak sizleri misafir etmekten mutluluk duyar\u0131z. Bu s\u0131cakl\u0131\u011f\u0131 ya\u015famak i\u00e7in sizleri de otelimize bekliyoruz. Rezervasyon i\u00e7in +90 212 210 [&hellip;]\" \/>\n<meta property=\"og:url\" content=\"https:\/\/ramadaalibeykoy.com\/haberler\/\" \/>\n<meta property=\"og:site_name\" content=\"Ramada Alibeyk\u00f6y\" \/>\n<meta property=\"article:modified_time\" content=\"2021-01-18T15:16:07+00:00\" \/>\n<meta name=\"twitter:card\" content=\"summary_large_image\" \/>\n<script type=\"application\/ld+json\" class=\"yoast-schema-graph\">{\"@context\":\"https:\/\/schema.org\",\"@graph\":[{\"@type\":\"WebPage\",\"@id\":\"https:\/\/ramadaalibeykoy.com\/haberler\/\",\"url\":\"https:\/\/ramadaalibeykoy.com\/haberler\/\",\"name\":\"HABERLER - Ramada Alibeyk\u00f6y\",\"isPartOf\":{\"@id\":\"https:\/\/ramadaalibeykoy.com\/#website\"},\"datePublished\":\"2021-01-13T15:30:20+00:00\",\"dateModified\":\"2021-01-18T15:16:07+00:00\",\"breadcrumb\":{\"@id\":\"https:\/\/ramadaalibeykoy.com\/haberler\/#breadcrumb\"},\"inLanguage\":\"tr\",\"potentialAction\":[{\"@type\":\"ReadAction\",\"target\":[\"https:\/\/ramadaalibeykoy.com\/haberler\/\"]}]},{\"@type\":\"BreadcrumbList\",\"@id\":\"https:\/\/ramadaalibeykoy.com\/haberler\/#breadcrumb\",\"itemListElement\":[{\"@type\":\"ListItem\",\"position\":1,\"name\":\"Ana sayfa\",\"item\":\"https:\/\/ramadaalibeykoy.com\/tr\/\"},{\"@type\":\"ListItem\",\"position\":2,\"name\":\"HABERLER\"}]},{\"@type\":\"WebSite\",\"@id\":\"https:\/\/ramadaalibeykoy.com\/#website\",\"url\":\"https:\/\/ramadaalibeykoy.com\/\",\"name\":\"Ramada Alibeyk\u00f6y\",\"description\":\"Istanbul, Turkey\",\"potentialAction\":[{\"@type\":\"SearchAction\",\"target\":{\"@type\":\"EntryPoint\",\"urlTemplate\":\"https:\/\/ramadaalibeykoy.com\/?s={search_term_string}\"},\"query-input\":{\"@type\":\"PropertyValueSpecification\",\"valueRequired\":true,\"valueName\":\"search_term_string\"}}],\"inLanguage\":\"tr\"}]}<\/script>\n<!-- \/ Yoast SEO plugin. -->","yoast_head_json":{"title":"HABERLER - Ramada Alibeyk\u00f6y","robots":{"index":"index","follow":"follow","max-snippet":"max-snippet:-1","max-image-preview":"max-image-preview:large","max-video-preview":"max-video-preview:-1"},"canonical":"https:\/\/ramadaalibeykoy.com\/haberler\/","og_locale":"tr_TR","og_type":"article","og_title":"HABERLER - Ramada Alibeyk\u00f6y","og_description":"[vc_row content_placement=&#8221;middle&#8221;][vc_column width=&#8221;1\/2&#8243; css=&#8221;.vc_custom_1610551782229{margin-top: 50px !important;}&#8221;][vc_column_text] OTEL\u0130M\u0130Z A\u00c7ILDI 29 Aral\u0131k 2017 itibari ile Ramada \u0130stanbul Alibeyk\u00f6y a\u00e7\u0131lm\u0131\u015ft\u0131r. Ramada \u0130stanbul Alibeyk\u00f6y ailesi olarak sizleri misafir etmekten mutluluk duyar\u0131z. Bu s\u0131cakl\u0131\u011f\u0131 ya\u015famak i\u00e7in sizleri de otelimize bekliyoruz. Rezervasyon i\u00e7in +90 212 210 [&hellip;]","og_url":"https:\/\/ramadaalibeykoy.com\/haberler\/","og_site_name":"Ramada Alibeyk\u00f6y","article_modified_time":"2021-01-18T15:16:07+00:00","twitter_card":"summary_large_image","schema":{"@context":"https:\/\/schema.org","@graph":[{"@type":"WebPage","@id":"https:\/\/ramadaalibeykoy.com\/haberler\/","url":"https:\/\/ramadaalibeykoy.com\/haberler\/","name":"HABERLER - Ramada Alibeyk\u00f6y","isPartOf":{"@id":"https:\/\/ramadaalibeykoy.com\/#website"},"datePublished":"2021-01-13T15:30:20+00:00","dateModified":"2021-01-18T15:16:07+00:00","breadcrumb":{"@id":"https:\/\/ramadaalibeykoy.com\/haberler\/#breadcrumb"},"inLanguage":"tr","potentialAction":[{"@type":"ReadAction","target":["https:\/\/ramadaalibeykoy.com\/haberler\/"]}]},{"@type":"BreadcrumbList","@id":"https:\/\/ramadaalibeykoy.com\/haberler\/#breadcrumb","itemListElement":[{"@type":"ListItem","position":1,"name":"Ana sayfa","item":"https:\/\/ramadaalibeykoy.com\/tr\/"},{"@type":"ListItem","position":2,"name":"HABERLER"}]},{"@type":"WebSite","@id":"https:\/\/ramadaalibeykoy.com\/#website","url":"https:\/\/ramadaalibeykoy.com\/","name":"Ramada Alibeyk\u00f6y","description":"Istanbul, Turkey","potentialAction":[{"@type":"SearchAction","target":{"@type":"EntryPoint","urlTemplate":"https:\/\/ramadaalibeykoy.com\/?s={search_term_string}"},"query-input":{"@type":"PropertyValueSpecification","valueRequired":true,"valueName":"search_term_string"}}],"inLanguage":"tr"}]}},"_links":{"self":[{"href":"https:\/\/ramadaalibeykoy.com\/tr\/wp-json\/wp\/v2\/pages\/4733","targetHints":{"allow":["GET"]}}],"collection":[{"href":"https:\/\/ramadaalibeykoy.com\/tr\/wp-json\/wp\/v2\/pages"}],"about":[{"href":"https:\/\/ramadaalibeykoy.com\/tr\/wp-json\/wp\/v2\/types\/page"}],"author":[{"embeddable":true,"href":"https:\/\/ramadaalibeykoy.com\/tr\/wp-json\/wp\/v2\/users\/1"}],"replies":[{"embeddable":true,"href":"https:\/\/ramadaalibeykoy.com\/tr\/wp-json\/wp\/v2\/comments?post=4733"}],"version-history":[{"count":2,"href":"https:\/\/ramadaalibeykoy.com\/tr\/wp-json\/wp\/v2\/pages\/4733\/revisions"}],"predecessor-version":[{"id":4735,"href":"https:\/\/ramadaalibeykoy.com\/tr\/wp-json\/wp\/v2\/pages\/4733\/revisions\/4735"}],"wp:attachment":[{"href":"https:\/\/ramadaalibeykoy.com\/tr\/wp-json\/wp\/v2\/media?parent=4733"}],"curies":[{"name":"wp","href":"https:\/\/api.w.org\/{rel}","templated":true}]}}