{"id":4755,"date":"2018-04-19T07:43:22","date_gmt":"2018-04-19T07:43:22","guid":{"rendered":"http:\/\/www.ramadaalibeykoy.com\/contact\/"},"modified":"2024-10-06T19:50:12","modified_gmt":"2024-10-06T16:50:12","slug":"iletisim","status":"publish","type":"page","link":"https:\/\/ramadaalibeykoy.com\/tr\/iletisim\/","title":{"rendered":"\u0130LET\u0130\u015e\u0130M"},"content":{"rendered":"<p>[vc_row gap=&#8221;35&#8243; content_placement=&#8221;middle&#8221; row_content_width=&#8221;grid&#8221;][vc_column offset=&#8221;vc_col-lg-6 vc_col-md-12 vc_hidden-md vc_hidden-sm vc_col-xs-12 vc_hidden-xs&#8221; css=&#8221;.vc_custom_1728233078551{padding-top: 81px !important;padding-bottom: 11px !important;}&#8221;]<div class=\"qodef-section-title-holder  qodef-st-standard qodef-st-title-left  qodef-st-normal-space  \" >\n\t<div class=\"qodef-st-inner\">\n        \t\t\t\t\t<h2 class=\"qodef-st-title\" >\n\t\t\t\t\u0130LET\u0130\u015e\u0130M B\u0130LG\u0130LER\u0130\t\t\t<\/h2>\n\t\t\t\t\t<\/div>\n<\/div>[\/vc_column][vc_column offset=&#8221;vc_col-lg-6 vc_hidden-lg vc_col-md-12 vc_hidden-md vc_hidden-sm vc_col-xs-12 vc_hidden-xs&#8221; css=&#8221;.vc_custom_1635860185923{padding-top: 81px !important;padding-bottom: 81px !important;}&#8221;]<div class=\"qodef-elements-holder   qodef-one-column  qodef-responsive-mode-768 \" ><div class=\"qodef-eh-item    \"  data-item-class=\"qodef-eh-custom-8501\">\n\t<div class=\"qodef-eh-item-inner\">\n\t\t<div class=\"qodef-eh-item-content qodef-eh-custom-8501\" style=\"padding: 10px 2.7% 0 0\">\n\t\t\t\n<div class=\"wpcf7 no-js\" id=\"wpcf7-f786-o1\" lang=\"en-US\" dir=\"ltr\" data-wpcf7-id=\"786\">\n<div class=\"screen-reader-response\"><p role=\"status\" aria-live=\"polite\" aria-atomic=\"true\"><\/p> <ul><\/ul><\/div>\n<form action=\"\/tr\/wp-json\/wp\/v2\/pages\/4755#wpcf7-f786-o1\" method=\"post\" class=\"wpcf7-form init\" aria-label=\"Contact form\" novalidate=\"novalidate\" data-status=\"init\">\n<fieldset class=\"hidden-fields-container\"><input type=\"hidden\" name=\"_wpcf7\" value=\"786\" \/><input type=\"hidden\" name=\"_wpcf7_version\" value=\"6.1.1\" \/><input type=\"hidden\" name=\"_wpcf7_locale\" value=\"en_US\" \/><input type=\"hidden\" name=\"_wpcf7_unit_tag\" value=\"wpcf7-f786-o1\" \/><input type=\"hidden\" name=\"_wpcf7_container_post\" value=\"0\" \/><input type=\"hidden\" name=\"_wpcf7_posted_data_hash\" value=\"\" \/><input type=\"hidden\" name=\"_wpcf7_recaptcha_response\" value=\"\" \/>\n<\/fieldset>\n<div class=\"qodef-main-home-default-form\">\n\t<p><span class=\"wpcf7-form-control-wrap\" data-name=\"your-email\"><input size=\"40\" maxlength=\"400\" class=\"wpcf7-form-control wpcf7-email wpcf7-text wpcf7-validates-as-email\" aria-invalid=\"false\" placeholder=\"E-mail*\" value=\"\" type=\"email\" name=\"your-email\" \/><\/span>\n\t<\/p>\n\t<p><span class=\"wpcf7-form-control-wrap\" data-name=\"your-name\"><input size=\"40\" maxlength=\"400\" class=\"wpcf7-form-control wpcf7-text\" aria-invalid=\"false\" placeholder=\"Konu\" value=\"\" type=\"text\" name=\"your-name\" \/><\/span>\n\t<\/p>\n\t<p><span class=\"wpcf7-form-control-wrap\" data-name=\"your-message\"><textarea cols=\"40\" rows=\"10\" maxlength=\"2000\" class=\"wpcf7-form-control wpcf7-textarea\" aria-invalid=\"false\" placeholder=\"Mesaj\" name=\"your-message\"><\/textarea><\/span>\n\t<\/p>\n\t<div class=\"qodef-cf7-btn-wrapper qodef-fullwidth-btn\">\n\t\t<div class=\"qodef-cf7-btn-text-wrapper\">\n\t\t\t<p><input class=\"wpcf7-form-control wpcf7-submit has-spinner\" type=\"submit\" value=\"G\u00f6nder\" \/>\n\t\t\t<\/p>\n\t\t<\/div>\n\t\t<div class=\"qodef-cf7-btn-bgrnd-wrapper\">\n\t\t\t<div class=\"qodef-cf7-btn-bgrnd-idle\">\n\t\t\t<\/div>\n\t\t\t<div class=\"qodef-cf7-btn-bgrnd-hover\">\n\t\t\t<\/div>\n\t\t<\/div>\n\t<\/div>\n<\/div>\n<style>\nspan.wpcf7-list-item{\nmargin: 0 10px 0px 0px !important;\n}p.kvkktext{\nmargin-bottom:20px;\n}p.kvkktext a{\ntext-decoration:underline;\n}\n<\/style><div class=\"wpcf7-response-output\" aria-hidden=\"true\"><\/div>\n<\/form>\n<\/div>\n\t\t<\/div>\n\t<\/div>\n<\/div><\/div>[\/vc_column][vc_column][vc_row_inner][vc_column_inner width=&#8221;1\/2&#8243;]<div class=\"qodef-iwt clearfix .ayarla qodef-iwt-icon-left qodef-iwt-icon-medium\">\n\t<div class=\"qodef-iwt-icon\">\n\t\t\t\t\t<a itemprop=\"url\" href=\"https:\/\/goo.gl\/maps\/LVD4g6veXWRfmY7K8\" target=\"_self\">\n\t\t\t\t\t\t\t\t\t    <span class=\"qodef-icon-shortcode qodef-circle   qodef-icon-medium\" style=\"width: 50px;height: 50px;line-height: 50px;background-color: #960030\" data-hover-background-color=\"#960030\" data-hover-color=\"#ffffff\" data-color=\"#ffffff\">\n                    <span aria-hidden=\"true\" class=\"qodef-icon-font-elegant icon_pin qodef-icon-element\" style=\"color: #ffffff;font-size:30px\" ><\/span>            <\/span>\n\t\t\t\t\t\t\t\t<\/a>\n\t\t\t<\/div>\n\t<div class=\"qodef-iwt-content\" style=\"padding-left: 12px\">\n\t\t\t\t\t<h5 class=\"qodef-iwt-title\" >\n\t\t\t\t\t\t\t\t\t<a itemprop=\"url\" href=\"https:\/\/goo.gl\/maps\/LVD4g6veXWRfmY7K8\" target=\"_self\">\n\t\t\t\t\t\t\t\t<span class=\"qodef-iwt-title-text\">Adres<\/span>\n\t\t\t\t\t\t\t\t\t<\/a>\n\t\t\t\t\t\t\t<\/h5>\n\t\t\t\t\t\t\t<p class=\"qodef-iwt-text\" style=\"margin-top: 7px\">\n                                    <a itemprop=\"url\" href=\"https:\/\/goo.gl\/maps\/LVD4g6veXWRfmY7K8\" target=\"_self\">\n                                        Guzeltepe Mh Maresal Fevzi Cakmak Cd 156-158 Eyupsultan Istanbul                                    <\/a>\n                            <\/p>\n\t\t\t<\/div>\n<\/div>[vc_empty_space height=&#8221;10px&#8221;]<div class=\"qodef-iwt clearfix  qodef-iwt-icon-left qodef-iwt-icon-medium\">\n\t<div class=\"qodef-iwt-icon\">\n\t\t\t\t\t<a itemprop=\"url\" href=\"mailto:info@ramadaalibeykoy.com\" target=\"_self\">\n\t\t\t\t\t\t\t\t\t    <span class=\"qodef-icon-shortcode qodef-circle   qodef-icon-medium\" style=\"width: 50px;height: 50px;line-height: 50px;background-color: #960030\" data-hover-background-color=\"#960030\" data-hover-color=\"#ffffff\" data-color=\"#ffffff\">\n                    <span aria-hidden=\"true\" class=\"qodef-icon-font-elegant icon_mail qodef-icon-element\" style=\"color: #ffffff;font-size:30px\" ><\/span>            <\/span>\n\t\t\t\t\t\t\t\t<\/a>\n\t\t\t<\/div>\n\t<div class=\"qodef-iwt-content\" style=\"padding-left: 12px\">\n\t\t\t\t\t<h5 class=\"qodef-iwt-title\" >\n\t\t\t\t\t\t\t\t\t<a itemprop=\"url\" href=\"mailto:info@ramadaalibeykoy.com\" target=\"_self\">\n\t\t\t\t\t\t\t\t<span class=\"qodef-iwt-title-text\">E-mail<\/span>\n\t\t\t\t\t\t\t\t\t<\/a>\n\t\t\t\t\t\t\t<\/h5>\n\t\t\t\t\t\t\t<p class=\"qodef-iwt-text\" style=\"margin-top: 3px\">\n                                    <a itemprop=\"url\" href=\"mailto:info@ramadaalibeykoy.com\" target=\"_self\">\n                                        info@ramadaalibeykoy.com                                    <\/a>\n                            <\/p>\n\t\t\t<\/div>\n<\/div>[\/vc_column_inner][vc_column_inner width=&#8221;1\/2&#8243;]<div class=\"qodef-iwt clearfix  qodef-iwt-icon-left qodef-iwt-icon-medium\">\n\t<div class=\"qodef-iwt-icon\">\n\t\t\t\t\t<a itemprop=\"url\" href=\"tel:+902122102211\" target=\"_self\">\n\t\t\t\t\t\t\t\t\t    <span class=\"qodef-icon-shortcode qodef-circle   qodef-icon-medium\" style=\"width: 50px;height: 50px;line-height: 50px;background-color: #960030\" data-hover-background-color=\"#960030\" data-hover-color=\"#ffffff\" data-color=\"#ffffff\">\n                    <span aria-hidden=\"true\" class=\"qodef-icon-font-elegant icon_phone qodef-icon-element\" style=\"color: #ffffff;font-size:30px\" ><\/span>            <\/span>\n\t\t\t\t\t\t\t\t<\/a>\n\t\t\t<\/div>\n\t<div class=\"qodef-iwt-content\" style=\"padding-left: 12px\">\n\t\t\t\t\t<h5 class=\"qodef-iwt-title\" >\n\t\t\t\t\t\t\t\t\t<a itemprop=\"url\" href=\"tel:+902122102211\" target=\"_self\">\n\t\t\t\t\t\t\t\t<span class=\"qodef-iwt-title-text\">Telefon<\/span>\n\t\t\t\t\t\t\t\t\t<\/a>\n\t\t\t\t\t\t\t<\/h5>\n\t\t\t\t\t\t\t<p class=\"qodef-iwt-text\" style=\"margin-top: 7px\">\n                                    <a itemprop=\"url\" href=\"tel:+902122102211\" target=\"_self\">\n                                        +90 212 210 22 11                                    <\/a>\n                            <\/p>\n\t\t\t<\/div>\n<\/div>[vc_empty_space height=&#8221;10px&#8221;]<div class=\"qodef-iwt clearfix  qodef-iwt-icon-left qodef-iwt-icon-medium\">\n\t<div class=\"qodef-iwt-icon\">\n\t\t\t\t\t<a itemprop=\"url\" href=\"https:\/\/wa.me\/905352010599\" target=\"_blank\">\n\t\t\t\t\t\t\t\t\t    <span class=\"qodef-icon-shortcode qodef-circle   qodef-icon-medium\" style=\"width: 50px;height: 50px;line-height: 50px;background-color: #960030\" data-hover-background-color=\"#960030\" data-hover-color=\"#ffffff\" data-color=\"#ffffff\">\n                    <span aria-hidden=\"true\" class=\"qodef-icon-font-elegant icon_mobile qodef-icon-element\" style=\"color: #ffffff;font-size:30px\" ><\/span>            <\/span>\n\t\t\t\t\t\t\t\t<\/a>\n\t\t\t<\/div>\n\t<div class=\"qodef-iwt-content\" style=\"padding-left: 12px\">\n\t\t\t\t\t<h5 class=\"qodef-iwt-title\" >\n\t\t\t\t\t\t\t\t\t<a itemprop=\"url\" href=\"https:\/\/wa.me\/905352010599\" target=\"_blank\">\n\t\t\t\t\t\t\t\t<span class=\"qodef-iwt-title-text\">Whatsapp<\/span>\n\t\t\t\t\t\t\t\t\t<\/a>\n\t\t\t\t\t\t\t<\/h5>\n\t\t\t\t\t\t\t<p class=\"qodef-iwt-text\" style=\"margin-top: 7px\">\n                                    <a itemprop=\"url\" href=\"https:\/\/wa.me\/905352010599\" target=\"_blank\">\n                                        +90 535 201 05 99                                    <\/a>\n                            <\/p>\n\t\t\t<\/div>\n<\/div>[\/vc_column_inner][\/vc_row_inner][\/vc_column][\/vc_row][vc_row simple_background_color=&#8221;#000000&#8243;][vc_column][vc_gmaps link=&#8221;#E-8_JTNDaWZyYW1lJTIwc3JjJTNEJTIyaHR0cHMlM0ElMkYlMkZ3d3cuZ29vZ2xlLmNvbSUyRm1hcHMlMkZlbWJlZCUzRnBiJTNEJTIxMW0xOCUyMTFtMTIlMjExbTMlMjExZDMwMDcuNTMzNDM2OTQ2MDklMjEyZDI4Ljk1MTI5NzklMjEzZDQxLjA3OTE5MDElMjEybTMlMjExZjAlMjEyZjAlMjEzZjAlMjEzbTIlMjExaTEwMjQlMjEyaTc2OCUyMTRmMTMuMSUyMTNtMyUyMTFtMiUyMTFzMHgxNGNhYjBkNTkwMGI0ZjM3JTI1M0EweDNmMTA1NzY3ZTA4ZDYzNDAlMjEyc1JhbWFkYSUyNTIwSXN0YW5idWwlMjUyMEFsaWJleWtveSUyMTVlMCUyMTNtMiUyMTFzdHIlMjEyc3RyJTIxNHYxNjEwMzU4MDM5MzQ4JTIxNW0yJTIxMXN0ciUyMTJzdHIlMjIlMjB3aWR0aCUzRCUyMjEwMCUyNSUyMiUyMGhlaWdodCUzRCUyMjQ1MCUyMiUyMGZyYW1lYm9yZGVyJTNEJTIyMCUyMiUyMHN0eWxlJTNEJTIyYm9yZGVyJTNBMCUzQiUyMiUyMGFsbG93ZnVsbHNjcmVlbiUzRCUyMiUyMiUyMGFyaWEtaGlkZGVuJTNEJTIyZmFsc2UlMjIlMjB0YWJpbmRleCUzRCUyMjAlMjIlM0UlM0MlMkZpZnJhbWUlM0U=&#8221; size=&#8221;400px&#8221;][\/vc_column][\/vc_row]<\/p>\n","protected":false},"excerpt":{"rendered":"<p>[vc_row gap=&#8221;35&#8243; content_placement=&#8221;middle&#8221; row_content_width=&#8221;grid&#8221;][vc_column offset=&#8221;vc_col-lg-6 vc_col-md-12 vc_hidden-md vc_hidden-sm vc_col-xs-12 vc_hidden-xs&#8221; css=&#8221;.vc_custom_1728233078551{padding-top: 81px !important;padding-bottom: 11px !important;}&#8221;][\/vc_column][vc_column offset=&#8221;vc_col-lg-6 vc_hidden-lg vc_col-md-12 vc_hidden-md vc_hidden-sm vc_col-xs-12 vc_hidden-xs&#8221; css=&#8221;.vc_custom_1635860185923{padding-top: 81px !important;padding-bottom: 81px !important;}&#8221;][\/vc_column][vc_column][vc_row_inner][vc_column_inner width=&#8221;1\/2&#8243;][vc_empty_space height=&#8221;10px&#8221;][\/vc_column_inner][vc_column_inner width=&#8221;1\/2&#8243;][vc_empty_space height=&#8221;10px&#8221;][\/vc_column_inner][\/vc_row_inner][\/vc_column][\/vc_row][vc_row simple_background_color=&#8221;#000000&#8243;][vc_column][vc_gmaps link=&#8221;#E-8_JTNDaWZyYW1lJTIwc3JjJTNEJTIyaHR0cHMlM0ElMkYlMkZ3d3cuZ29vZ2xlLmNvbSUyRm1hcHMlMkZlbWJlZCUzRnBiJTNEJTIxMW0xOCUyMTFtMTIlMjExbTMlMjExZDMwMDcuNTMzNDM2OTQ2MDklMjEyZDI4Ljk1MTI5NzklMjEzZDQxLjA3OTE5MDElMjEybTMlMjExZjAlMjEyZjAlMjEzZjAlMjEzbTIlMjExaTEwMjQlMjEyaTc2OCUyMTRmMTMuMSUyMTNtMyUyMTFtMiUyMTFzMHgxNGNhYjBkNTkwMGI0ZjM3JTI1M0EweDNmMTA1NzY3ZTA4ZDYzNDAlMjEyc1JhbWFkYSUyNTIwSXN0YW5idWwlMjUyMEFsaWJleWtveSUyMTVlMCUyMTNtMiUyMTFzdHIlMjEyc3RyJTIxNHYxNjEwMzU4MDM5MzQ4JTIxNW0yJTIxMXN0ciUyMTJzdHIlMjIlMjB3aWR0aCUzRCUyMjEwMCUyNSUyMiUyMGhlaWdodCUzRCUyMjQ1MCUyMiUyMGZyYW1lYm9yZGVyJTNEJTIyMCUyMiUyMHN0eWxlJTNEJTIyYm9yZGVyJTNBMCUzQiUyMiUyMGFsbG93ZnVsbHNjcmVlbiUzRCUyMiUyMiUyMGFyaWEtaGlkZGVuJTNEJTIyZmFsc2UlMjIlMjB0YWJpbmRleCUzRCUyMjAlMjIlM0UlM0MlMkZpZnJhbWUlM0U=&#8221; size=&#8221;400px&#8221;][\/vc_column][\/vc_row]<\/p>\n","protected":false},"author":1,"featured_media":0,"parent":0,"menu_order":0,"comment_status":"closed","ping_status":"closed","template":"full-width.php","meta":{"footnotes":""},"class_list":["post-4755","page","type-page","status-publish","hentry"],"yoast_head":"<!-- This site is optimized with the Yoast SEO plugin v25.7 - https:\/\/yoast.com\/wordpress\/plugins\/seo\/ -->\n<title>\u0130LET\u0130\u015e\u0130M - Ramada Alibeyk\u00f6y<\/title>\n<meta name=\"robots\" content=\"index, follow, max-snippet:-1, max-image-preview:large, max-video-preview:-1\" \/>\n<link rel=\"canonical\" href=\"https:\/\/ramadaalibeykoy.com\/tr\/iletisim\/\" \/>\n<meta property=\"og:locale\" content=\"tr_TR\" \/>\n<meta property=\"og:type\" content=\"article\" \/>\n<meta property=\"og:title\" content=\"\u0130LET\u0130\u015e\u0130M - Ramada Alibeyk\u00f6y\" \/>\n<meta property=\"og:description\" content=\"[vc_row gap=&#8221;35&#8243; content_placement=&#8221;middle&#8221; row_content_width=&#8221;grid&#8221;][vc_column offset=&#8221;vc_col-lg-6 vc_col-md-12 vc_hidden-md vc_hidden-sm vc_col-xs-12 vc_hidden-xs&#8221; css=&#8221;.vc_custom_1728233078551{padding-top: 81px !important;padding-bottom: 11px !important;}&#8221;][\/vc_column][vc_column offset=&#8221;vc_col-lg-6 vc_hidden-lg vc_col-md-12 vc_hidden-md vc_hidden-sm vc_col-xs-12 vc_hidden-xs&#8221; css=&#8221;.vc_custom_1635860185923{padding-top: 81px !important;padding-bottom: 81px !important;}&#8221;][\/vc_column][vc_column][vc_row_inner][vc_column_inner width=&#8221;1\/2&#8243;][vc_empty_space height=&#8221;10px&#8221;][\/vc_column_inner][vc_column_inner width=&#8221;1\/2&#8243;][vc_empty_space height=&#8221;10px&#8221;][\/vc_column_inner][\/vc_row_inner][\/vc_column][\/vc_row][vc_row simple_background_color=&#8221;#000000&#8243;][vc_column][vc_gmaps link=&#8221;#E-8_JTNDaWZyYW1lJTIwc3JjJTNEJTIyaHR0cHMlM0ElMkYlMkZ3d3cuZ29vZ2xlLmNvbSUyRm1hcHMlMkZlbWJlZCUzRnBiJTNEJTIxMW0xOCUyMTFtMTIlMjExbTMlMjExZDMwMDcuNTMzNDM2OTQ2MDklMjEyZDI4Ljk1MTI5NzklMjEzZDQxLjA3OTE5MDElMjEybTMlMjExZjAlMjEyZjAlMjEzZjAlMjEzbTIlMjExaTEwMjQlMjEyaTc2OCUyMTRmMTMuMSUyMTNtMyUyMTFtMiUyMTFzMHgxNGNhYjBkNTkwMGI0ZjM3JTI1M0EweDNmMTA1NzY3ZTA4ZDYzNDAlMjEyc1JhbWFkYSUyNTIwSXN0YW5idWwlMjUyMEFsaWJleWtveSUyMTVlMCUyMTNtMiUyMTFzdHIlMjEyc3RyJTIxNHYxNjEwMzU4MDM5MzQ4JTIxNW0yJTIxMXN0ciUyMTJzdHIlMjIlMjB3aWR0aCUzRCUyMjEwMCUyNSUyMiUyMGhlaWdodCUzRCUyMjQ1MCUyMiUyMGZyYW1lYm9yZGVyJTNEJTIyMCUyMiUyMHN0eWxlJTNEJTIyYm9yZGVyJTNBMCUzQiUyMiUyMGFsbG93ZnVsbHNjcmVlbiUzRCUyMiUyMiUyMGFyaWEtaGlkZGVuJTNEJTIyZmFsc2UlMjIlMjB0YWJpbmRleCUzRCUyMjAlMjIlM0UlM0MlMkZpZnJhbWUlM0U=&#8221; size=&#8221;400px&#8221;][\/vc_column][\/vc_row]\" \/>\n<meta property=\"og:url\" content=\"https:\/\/ramadaalibeykoy.com\/tr\/iletisim\/\" \/>\n<meta property=\"og:site_name\" content=\"Ramada Alibeyk\u00f6y\" \/>\n<meta property=\"article:modified_time\" content=\"2024-10-06T16:50:12+00:00\" \/>\n<meta name=\"twitter:card\" content=\"summary_large_image\" \/>\n<meta name=\"twitter:label1\" content=\"Tahmini okuma s\u00fcresi\" \/>\n\t<meta name=\"twitter:data1\" content=\"1 dakika\" \/>\n<script type=\"application\/ld+json\" class=\"yoast-schema-graph\">{\"@context\":\"https:\/\/schema.org\",\"@graph\":[{\"@type\":\"WebPage\",\"@id\":\"https:\/\/ramadaalibeykoy.com\/tr\/iletisim\/\",\"url\":\"https:\/\/ramadaalibeykoy.com\/tr\/iletisim\/\",\"name\":\"\u0130LET\u0130\u015e\u0130M - Ramada Alibeyk\u00f6y\",\"isPartOf\":{\"@id\":\"https:\/\/ramadaalibeykoy.com\/#website\"},\"datePublished\":\"2018-04-19T07:43:22+00:00\",\"dateModified\":\"2024-10-06T16:50:12+00:00\",\"breadcrumb\":{\"@id\":\"https:\/\/ramadaalibeykoy.com\/tr\/iletisim\/#breadcrumb\"},\"inLanguage\":\"tr\",\"potentialAction\":[{\"@type\":\"ReadAction\",\"target\":[\"https:\/\/ramadaalibeykoy.com\/tr\/iletisim\/\"]}]},{\"@type\":\"BreadcrumbList\",\"@id\":\"https:\/\/ramadaalibeykoy.com\/tr\/iletisim\/#breadcrumb\",\"itemListElement\":[{\"@type\":\"ListItem\",\"position\":1,\"name\":\"Ana sayfa\",\"item\":\"https:\/\/ramadaalibeykoy.com\/tr\/\"},{\"@type\":\"ListItem\",\"position\":2,\"name\":\"\u0130LET\u0130\u015e\u0130M\"}]},{\"@type\":\"WebSite\",\"@id\":\"https:\/\/ramadaalibeykoy.com\/#website\",\"url\":\"https:\/\/ramadaalibeykoy.com\/\",\"name\":\"Ramada Alibeyk\u00f6y\",\"description\":\"Istanbul, Turkey\",\"potentialAction\":[{\"@type\":\"SearchAction\",\"target\":{\"@type\":\"EntryPoint\",\"urlTemplate\":\"https:\/\/ramadaalibeykoy.com\/?s={search_term_string}\"},\"query-input\":{\"@type\":\"PropertyValueSpecification\",\"valueRequired\":true,\"valueName\":\"search_term_string\"}}],\"inLanguage\":\"tr\"}]}<\/script>\n<!-- \/ Yoast SEO plugin. -->","yoast_head_json":{"title":"\u0130LET\u0130\u015e\u0130M - Ramada Alibeyk\u00f6y","robots":{"index":"index","follow":"follow","max-snippet":"max-snippet:-1","max-image-preview":"max-image-preview:large","max-video-preview":"max-video-preview:-1"},"canonical":"https:\/\/ramadaalibeykoy.com\/tr\/iletisim\/","og_locale":"tr_TR","og_type":"article","og_title":"\u0130LET\u0130\u015e\u0130M - Ramada Alibeyk\u00f6y","og_description":"[vc_row gap=&#8221;35&#8243; content_placement=&#8221;middle&#8221; row_content_width=&#8221;grid&#8221;][vc_column offset=&#8221;vc_col-lg-6 vc_col-md-12 vc_hidden-md vc_hidden-sm vc_col-xs-12 vc_hidden-xs&#8221; css=&#8221;.vc_custom_1728233078551{padding-top: 81px !important;padding-bottom: 11px !important;}&#8221;][\/vc_column][vc_column offset=&#8221;vc_col-lg-6 vc_hidden-lg vc_col-md-12 vc_hidden-md vc_hidden-sm vc_col-xs-12 vc_hidden-xs&#8221; css=&#8221;.vc_custom_1635860185923{padding-top: 81px !important;padding-bottom: 81px !important;}&#8221;][\/vc_column][vc_column][vc_row_inner][vc_column_inner width=&#8221;1\/2&#8243;][vc_empty_space height=&#8221;10px&#8221;][\/vc_column_inner][vc_column_inner width=&#8221;1\/2&#8243;][vc_empty_space height=&#8221;10px&#8221;][\/vc_column_inner][\/vc_row_inner][\/vc_column][\/vc_row][vc_row simple_background_color=&#8221;#000000&#8243;][vc_column][vc_gmaps link=&#8221;#E-8_JTNDaWZyYW1lJTIwc3JjJTNEJTIyaHR0cHMlM0ElMkYlMkZ3d3cuZ29vZ2xlLmNvbSUyRm1hcHMlMkZlbWJlZCUzRnBiJTNEJTIxMW0xOCUyMTFtMTIlMjExbTMlMjExZDMwMDcuNTMzNDM2OTQ2MDklMjEyZDI4Ljk1MTI5NzklMjEzZDQxLjA3OTE5MDElMjEybTMlMjExZjAlMjEyZjAlMjEzZjAlMjEzbTIlMjExaTEwMjQlMjEyaTc2OCUyMTRmMTMuMSUyMTNtMyUyMTFtMiUyMTFzMHgxNGNhYjBkNTkwMGI0ZjM3JTI1M0EweDNmMTA1NzY3ZTA4ZDYzNDAlMjEyc1JhbWFkYSUyNTIwSXN0YW5idWwlMjUyMEFsaWJleWtveSUyMTVlMCUyMTNtMiUyMTFzdHIlMjEyc3RyJTIxNHYxNjEwMzU4MDM5MzQ4JTIxNW0yJTIxMXN0ciUyMTJzdHIlMjIlMjB3aWR0aCUzRCUyMjEwMCUyNSUyMiUyMGhlaWdodCUzRCUyMjQ1MCUyMiUyMGZyYW1lYm9yZGVyJTNEJTIyMCUyMiUyMHN0eWxlJTNEJTIyYm9yZGVyJTNBMCUzQiUyMiUyMGFsbG93ZnVsbHNjcmVlbiUzRCUyMiUyMiUyMGFyaWEtaGlkZGVuJTNEJTIyZmFsc2UlMjIlMjB0YWJpbmRleCUzRCUyMjAlMjIlM0UlM0MlMkZpZnJhbWUlM0U=&#8221; size=&#8221;400px&#8221;][\/vc_column][\/vc_row]","og_url":"https:\/\/ramadaalibeykoy.com\/tr\/iletisim\/","og_site_name":"Ramada Alibeyk\u00f6y","article_modified_time":"2024-10-06T16:50:12+00:00","twitter_card":"summary_large_image","twitter_misc":{"Tahmini okuma s\u00fcresi":"1 dakika"},"schema":{"@context":"https:\/\/schema.org","@graph":[{"@type":"WebPage","@id":"https:\/\/ramadaalibeykoy.com\/tr\/iletisim\/","url":"https:\/\/ramadaalibeykoy.com\/tr\/iletisim\/","name":"\u0130LET\u0130\u015e\u0130M - Ramada Alibeyk\u00f6y","isPartOf":{"@id":"https:\/\/ramadaalibeykoy.com\/#website"},"datePublished":"2018-04-19T07:43:22+00:00","dateModified":"2024-10-06T16:50:12+00:00","breadcrumb":{"@id":"https:\/\/ramadaalibeykoy.com\/tr\/iletisim\/#breadcrumb"},"inLanguage":"tr","potentialAction":[{"@type":"ReadAction","target":["https:\/\/ramadaalibeykoy.com\/tr\/iletisim\/"]}]},{"@type":"BreadcrumbList","@id":"https:\/\/ramadaalibeykoy.com\/tr\/iletisim\/#breadcrumb","itemListElement":[{"@type":"ListItem","position":1,"name":"Ana sayfa","item":"https:\/\/ramadaalibeykoy.com\/tr\/"},{"@type":"ListItem","position":2,"name":"\u0130LET\u0130\u015e\u0130M"}]},{"@type":"WebSite","@id":"https:\/\/ramadaalibeykoy.com\/#website","url":"https:\/\/ramadaalibeykoy.com\/","name":"Ramada Alibeyk\u00f6y","description":"Istanbul, Turkey","potentialAction":[{"@type":"SearchAction","target":{"@type":"EntryPoint","urlTemplate":"https:\/\/ramadaalibeykoy.com\/?s={search_term_string}"},"query-input":{"@type":"PropertyValueSpecification","valueRequired":true,"valueName":"search_term_string"}}],"inLanguage":"tr"}]}},"_links":{"self":[{"href":"https:\/\/ramadaalibeykoy.com\/tr\/wp-json\/wp\/v2\/pages\/4755","targetHints":{"allow":["GET"]}}],"collection":[{"href":"https:\/\/ramadaalibeykoy.com\/tr\/wp-json\/wp\/v2\/pages"}],"about":[{"href":"https:\/\/ramadaalibeykoy.com\/tr\/wp-json\/wp\/v2\/types\/page"}],"author":[{"embeddable":true,"href":"https:\/\/ramadaalibeykoy.com\/tr\/wp-json\/wp\/v2\/users\/1"}],"replies":[{"embeddable":true,"href":"https:\/\/ramadaalibeykoy.com\/tr\/wp-json\/wp\/v2\/comments?post=4755"}],"version-history":[{"count":49,"href":"https:\/\/ramadaalibeykoy.com\/tr\/wp-json\/wp\/v2\/pages\/4755\/revisions"}],"predecessor-version":[{"id":5160,"href":"https:\/\/ramadaalibeykoy.com\/tr\/wp-json\/wp\/v2\/pages\/4755\/revisions\/5160"}],"wp:attachment":[{"href":"https:\/\/ramadaalibeykoy.com\/tr\/wp-json\/wp\/v2\/media?parent=4755"}],"curies":[{"name":"wp","href":"https:\/\/api.w.org\/{rel}","templated":true}]}}